{"id":112,"date":"2025-10-16T14:31:21","date_gmt":"2025-10-16T12:31:21","guid":{"rendered":"https:\/\/www.guia-inclusion.com\/?page_id=112"},"modified":"2025-12-19T17:21:59","modified_gmt":"2025-12-19T16:21:59","slug":"accueil-2","status":"publish","type":"page","link":"https:\/\/www.guia-inclusion.com\/","title":{"rendered":"Accueil"},"content":{"rendered":"<p>[et_pb_section fb_built=&#8221;1&#8243; admin_label=&#8221;Hero&#8221; _builder_version=&#8221;4.27.5&#8243; _module_preset=&#8221;default&#8221; use_background_color_gradient=&#8221;on&#8221; background_color_gradient_direction=&#8221;148deg&#8221; background_color_gradient_stops=&#8221;#ffffff 30%|rgba(255,255,255,0.86) 100%&#8221; background_color_gradient_overlays_image=&#8221;on&#8221; background_color_gradient_start=&#8221;rgba(0,0,0,0.5)&#8221; background_color_gradient_end=&#8221;rgba(0,0,0,0.75)&#8221; background_image=&#8221;http:\/\/www.guia-inclusion.com\/wp-content\/uploads\/2025\/10\/logo3.png&#8221; parallax=&#8221;on&#8221; width=&#8221;100%&#8221; custom_padding=&#8221;8vw||||false|false&#8221; box_shadow_style=&#8221;preset1&#8243; box_shadow_vertical=&#8221;19px&#8221; box_shadow_blur=&#8221;27px&#8221; locked=&#8221;off&#8221; collapsed=&#8221;on&#8221; global_colors_info=&#8221;{}&#8221;][et_pb_row _builder_version=&#8221;4.27.4&#8243; _module_preset=&#8221;5138c454-be54-4233-bd3b-f8e6a8747976&#8243; locked=&#8221;off&#8221; global_colors_info=&#8221;{}&#8221;][et_pb_column type=&#8221;4_4&#8243; _builder_version=&#8221;4.23.1&#8243; _module_preset=&#8221;73121f80-a3ef-4484-8763-c3f18e3c56d2&#8243; global_colors_info=&#8221;{}&#8221;][et_pb_heading title=&#8221;GUIA&#8221; _builder_version=&#8221;4.27.5&#8243; _module_preset=&#8221;_initial&#8221; title_text_align=&#8221;left&#8221; title_text_color=&#8221;#00457A&#8221; title_font_size=&#8221;100px&#8221; title_letter_spacing=&#8221;14px&#8221; title_line_height=&#8221;1.1em&#8221; custom_padding=&#8221;|||344px||&#8221; text_shadow_style=&#8221;preset2&#8243; text_shadow_horizontal_length=&#8221;-0.18em&#8221; text_shadow_vertical_length=&#8221;0.11em&#8221; text_shadow_color=&#8221;#D6D6D6&#8243; locked=&#8221;off&#8221; global_colors_info=&#8221;{}&#8221;][\/et_pb_heading][et_pb_text _builder_version=&#8221;4.27.5&#8243; _module_preset=&#8221;2c55a9c4-feed-423b-9edb-ae0b5b365cac&#8221; text_font=&#8221;&#8211;et_global_body_font|&#8211;et_global_body_font_weight|on||||||&#8221; text_text_color=&#8221;#00457A&#8221; text_font_size=&#8221;73px&#8221; locked=&#8221;off&#8221; global_colors_info=&#8221;{%22gcid-primary-color%22:%91%22link_text_color%22,%22link_text_color%22,%22link_text_color%22,%22link_text_color%22%93,%22gcid-heading-color%22:%91%22header_text_color%22,%22header_4_text_color%22,%22header_3_text_color%22,%22header_2_text_color%22,%22header_5_text_color%22,%22header_6_text_color%22,%22quote_text_color%22,%22header_text_color%22,%22header_4_text_color%22,%22header_3_text_color%22,%22header_2_text_color%22,%22header_5_text_color%22,%22header_6_text_color%22,%22quote_text_color%22,%22header_text_color%22,%22header_4_text_color%22,%22header_3_text_color%22,%22header_2_text_color%22,%22header_5_text_color%22,%22header_6_text_color%22,%22quote_text_color%22,%22header_text_color%22,%22header_4_text_color%22,%22header_3_text_color%22,%22header_2_text_color%22,%22header_5_text_color%22,%22header_6_text_color%22,%22quote_text_color%22%93,%22gcid-secondary-color%22:%91%22quote_border_color%22,%22quote_border_color%22,%22quote_border_color%22,%22quote_border_color%22%93}&#8221;]<\/p>\n<p style=\"text-align: left;\"><em>L&#8217;inclusion comme solution !<\/em><\/p>\n<p>[\/et_pb_text][et_pb_text _builder_version=&#8221;4.27.5&#8243; _module_preset=&#8221;2c55a9c4-feed-423b-9edb-ae0b5b365cac&#8221; text_text_color=&#8221;#00457A&#8221; text_font_size=&#8221;26px&#8221; custom_padding=&#8221;|||14px||&#8221; locked=&#8221;off&#8221; inline_fonts=&#8221;IBM Plex Sans&#8221; global_colors_info=&#8221;{%22gcid-primary-color%22:%91%22link_text_color%22,%22link_text_color%22,%22link_text_color%22,%22link_text_color%22%93,%22gcid-heading-color%22:%91%22header_text_color%22,%22header_4_text_color%22,%22header_3_text_color%22,%22header_2_text_color%22,%22header_5_text_color%22,%22header_6_text_color%22,%22quote_text_color%22,%22header_text_color%22,%22header_4_text_color%22,%22header_3_text_color%22,%22header_2_text_color%22,%22header_5_text_color%22,%22header_6_text_color%22,%22quote_text_color%22,%22header_text_color%22,%22header_4_text_color%22,%22header_3_text_color%22,%22header_2_text_color%22,%22header_5_text_color%22,%22header_6_text_color%22,%22quote_text_color%22,%22header_text_color%22,%22header_4_text_color%22,%22header_3_text_color%22,%22header_2_text_color%22,%22header_5_text_color%22,%22header_6_text_color%22,%22quote_text_color%22%93,%22gcid-secondary-color%22:%91%22quote_border_color%22,%22quote_border_color%22,%22quote_border_color%22,%22quote_border_color%22%93}&#8221;]<\/p>\n<h3 style=\"text-align: left;\"><span style=\"font-family: IBM Plex Sans; font-weight: normal; color: #003366;\"><em>R\u00e9v\u00e9lez des potentiels insoup\u00e7onn\u00e9s au service de votre croissance.<\/em><\/span>\u00a0 \u00a0 <img loading=\"lazy\" decoding=\"async\" src=\"http:\/\/www.guia-inclusion.com\/wp-content\/uploads\/2025\/12\/rocket_12950399-150x150.png\" width=\"39\" height=\"39\" alt=\"\" class=\"wp-image-373 alignnone size-thumbnail\" \/><\/h3>\n<p>&nbsp;<\/p>\n<p>[\/et_pb_text][\/et_pb_column][\/et_pb_row][\/et_pb_section][et_pb_section fb_built=&#8221;1&#8243; admin_label=&#8221;About&#8221; _builder_version=&#8221;4.27.4&#8243; _module_preset=&#8221;default&#8221; use_background_color_gradient=&#8221;on&#8221; background_color_gradient_type=&#8221;elliptical&#8221; background_color_gradient_stops=&#8221;rgba(255,255,255,0) 73%|#0c71c3 100%&#8221; background_enable_image=&#8221;off&#8221; background_blend=&#8221;overlay&#8221; collapsed=&#8221;on&#8221; global_colors_info=&#8221;{}&#8221;][et_pb_row column_structure=&#8221;1_2,1_2&#8243; _builder_version=&#8221;4.25.1&#8243; _module_preset=&#8221;default&#8221; global_colors_info=&#8221;{}&#8221;][et_pb_column type=&#8221;1_2&#8243; _builder_version=&#8221;4.25.1&#8243; _module_preset=&#8221;default&#8221; global_colors_info=&#8221;{}&#8221;][et_pb_heading title=&#8221;Notre mission&#8221; _builder_version=&#8221;4.27.5&#8243; _module_preset=&#8221;a4e4b970-729d-4dc7-a2bb-e50674e0cd14&#8243; title_level=&#8221;h4&#8243; title_font_size=&#8221;45px&#8221; title_letter_spacing=&#8221;13px&#8221; global_colors_info=&#8221;{}&#8221;][\/et_pb_heading][et_pb_text _builder_version=&#8221;4.27.4&#8243; _module_preset=&#8221;2c55a9c4-feed-423b-9edb-ae0b5b365cac&#8221; global_colors_info=&#8221;{}&#8221;]<\/p>\n<p>GUIA est un cabinet conseil fond\u00e9 en 2025, d\u00e9di\u00e9 \u00e0 l&#8217;inclusion des personnes \u00e9loign\u00e9es de l&#8217;emploi. Bas\u00e9s \u00e0 Toulouse, nous intervenons dans toute la r\u00e9gion Occitanie et Nouvelle-Aquitaine. Notre engagement est d&#8217;accompagner les entreprises de toutes tailles dans l&#8217;int\u00e9gration durable de ces talents, en offrant des solutions sur mesure qui favorisent l&#8217;inclusion et la diversit\u00e9 au sein des \u00e9quipes.<\/p>\n<p>Nous croyons fermement que chaque individu m\u00e9rite une chance \u00e9quitable d&#8217;acc\u00e9der au march\u00e9 du travail, et nous nous effor\u00e7ons de cr\u00e9er des environnements professionnels inclusifs o\u00f9 chacun peut s&#8217;\u00e9panouir.<\/p>\n<p>Notre approche est centr\u00e9e sur l&#8217;humain, avec un accompagnement socio-professionnel personnalis\u00e9 pour les collaborateurs et un soutien continu pour les encadrants, garantissant ainsi une int\u00e9gration r\u00e9ussie et p\u00e9renne.<\/p>\n<p>Nous nous engageons \u00e0 \u00eatre un partenaire de confiance pour les entreprises, en les aidant \u00e0 relever les d\u00e9fis de l&#8217;inclusion avec des solutions innovantes et efficaces.<\/p>\n<p>[\/et_pb_text][\/et_pb_column][et_pb_column type=&#8221;1_2&#8243; _builder_version=&#8221;4.25.1&#8243; _module_preset=&#8221;default&#8221; global_colors_info=&#8221;{}&#8221;][et_pb_image src=&#8221;http:\/\/www.guia-inclusion.com\/wp-content\/uploads\/2025\/12\/mains.png&#8221; title_text=&#8221;mains&#8221; _builder_version=&#8221;4.27.5&#8243; _module_preset=&#8221;default&#8221; hover_enabled=&#8221;0&#8243; global_colors_info=&#8221;{}&#8221; sticky_enabled=&#8221;0&#8243;][\/et_pb_image][\/et_pb_column][\/et_pb_row][\/et_pb_section][et_pb_section fb_built=&#8221;1&#8243; _builder_version=&#8221;4.27.4&#8243; _module_preset=&#8221;default&#8221; global_colors_info=&#8221;{}&#8221;][et_pb_row column_structure=&#8221;1_2,1_2&#8243; _builder_version=&#8221;4.27.4&#8243; _module_preset=&#8221;default&#8221; global_colors_info=&#8221;{}&#8221;][et_pb_column type=&#8221;1_2&#8243; _builder_version=&#8221;4.27.4&#8243; _module_preset=&#8221;default&#8221; global_colors_info=&#8221;{}&#8221;][et_pb_image src=&#8221;http:\/\/www.guia-inclusion.com\/wp-content\/uploads\/2025\/11\/photo-laurie.png&#8221; title_text=&#8221;photo laurie&#8221; force_fullwidth=&#8221;on&#8221; _builder_version=&#8221;4.27.4&#8243; _module_preset=&#8221;default&#8221; module_alignment=&#8221;left&#8221; global_colors_info=&#8221;{}&#8221;][\/et_pb_image][\/et_pb_column][et_pb_column type=&#8221;1_2&#8243; _builder_version=&#8221;4.27.4&#8243; _module_preset=&#8221;default&#8221; global_colors_info=&#8221;{}&#8221;][et_pb_heading title=&#8221;Notre g\u00e9n\u00e8se&#8221; _builder_version=&#8221;4.27.5&#8243; _module_preset=&#8221;a4e4b970-729d-4dc7-a2bb-e50674e0cd14&#8243; title_font_size=&#8221;45px&#8221; title_letter_spacing=&#8221;13px&#8221; locked=&#8221;off&#8221; global_colors_info=&#8221;{}&#8221;][\/et_pb_heading][et_pb_text _builder_version=&#8221;4.27.5&#8243; _module_preset=&#8221;default&#8221; global_colors_info=&#8221;{}&#8221;]<\/p>\n<p>&#8220;Pendant 18 ans, j\u2019ai \u0153uvr\u00e9 en faveur de l\u2019emploi des personnes en situation de handicap \u00e9loign\u00e9es de l\u2019emploi en entreprise adapt\u00e9e.<\/p>\n<p>De responsable formation \u00e0 DRH adjointe, j&#8217;ai eu l&#8217;occasion de cadrer et piloter le parcours d\u2019inclusion des salari\u00e9s (formation, accompagnement socio-professionnel) avec pour objectif de d\u00e9velopper leur employabilit\u00e9 et ce, sur des activit\u00e9s diverses et 150 m\u00e9tiers diff\u00e9rents.<\/p>\n<p>Dans ce cadre, j\u2019ai pu appr\u00e9hender les contraintes organisationnelles, humaines, financi\u00e8res mais aussi les leviers permettant une inclusion dans le monde du travail r\u00e9ussie.<\/p>\n<p>Cette exp\u00e9rience m\u2019a convaincue que l\u2019inclusion des personnes \u00e9loign\u00e9es de l\u2019emploi peut \u00eatre une solution aux difficult\u00e9s de recrutement que rencontrent les entreprises.&#8221;<\/p>\n<p>[\/et_pb_text][\/et_pb_column][\/et_pb_row][et_pb_row column_structure=&#8221;1_2,1_2&#8243; _builder_version=&#8221;4.25.1&#8243; _module_preset=&#8221;default&#8221; global_colors_info=&#8221;{}&#8221;][et_pb_column type=&#8221;1_2&#8243; _builder_version=&#8221;4.25.1&#8243; _module_preset=&#8221;default&#8221; global_colors_info=&#8221;{}&#8221;][et_pb_heading title=&#8221;La contribution AGEFIPH&#8221; _builder_version=&#8221;4.27.5&#8243; _module_preset=&#8221;a4e4b970-729d-4dc7-a2bb-e50674e0cd14&#8243; title_level=&#8221;h4&#8243; title_font_size=&#8221;45px&#8221; title_letter_spacing=&#8221;13px&#8221; global_colors_info=&#8221;{}&#8221;][\/et_pb_heading][et_pb_text _builder_version=&#8221;4.27.4&#8243; _module_preset=&#8221;2c55a9c4-feed-423b-9edb-ae0b5b365cac&#8221; global_colors_info=&#8221;{}&#8221;]<\/p>\n<p>GUIA en tant que SASU TIH, vous permet de r\u00e9duire votre contribution AGEFIPH si vous \u00eates soumis \u00e0 l\u2019Obligation d\u2019Emploi de Travailleurs Handicap\u00e9s.<\/p>\n<p>Simulez votre contribution en cliquant ci-dessous :<\/p>\n<p><a href=\"https:\/\/www.agefiph.fr\/employeur\/simulateur_doeth\/simulation\" target=\"_blank\" rel=\"noopener\" title=\"Lien SIMULATEUR AGEFIPH\">Lien SIMULATEUR AGEFIPH<\/a><\/p>\n<p>[\/et_pb_text][\/et_pb_column][et_pb_column type=&#8221;1_2&#8243; _builder_version=&#8221;4.25.1&#8243; _module_preset=&#8221;default&#8221; global_colors_info=&#8221;{}&#8221;][et_pb_image src=&#8221;http:\/\/www.guia-inclusion.com\/wp-content\/uploads\/2025\/11\/AGEFIPH_LOGO-BASELINE-VERTICAL_rvb-1024&#215;723-1.jpg&#8221; title_text=&#8221;AGEFIPH_LOGO-BASELINE-VERTICAL_rvb-1024&#215;723&#8243; url=&#8221;https:\/\/www.agefiph.fr\/employeur\/simulateur_doeth&#8221; _builder_version=&#8221;4.27.4&#8243; _module_preset=&#8221;default&#8221; global_colors_info=&#8221;{}&#8221;][\/et_pb_image][\/et_pb_column][\/et_pb_row][\/et_pb_section][et_pb_section fb_built=&#8221;1&#8243; admin_label=&#8221;Contact&#8221; _builder_version=&#8221;4.27.5&#8243; _module_preset=&#8221;default&#8221; background_color=&#8221;gcid-primary-color&#8221; locked=&#8221;off&#8221; collapsed=&#8221;on&#8221; global_colors_info=&#8221;{%22gcid-primary-color%22:%91%22background_color%22%93}&#8221;][et_pb_row column_structure=&#8221;1_2,1_2&#8243; _builder_version=&#8221;4.27.5&#8243; _module_preset=&#8221;5138c454-be54-4233-bd3b-f8e6a8747976&#8243; background_color=&#8221;#044268&#8243; global_colors_info=&#8221;{}&#8221;][et_pb_column type=&#8221;1_2&#8243; _builder_version=&#8221;4.16&#8243; _module_preset=&#8221;73121f80-a3ef-4484-8763-c3f18e3c56d2&#8243; global_colors_info=&#8221;{}&#8221;][et_pb_heading title=&#8221;Contactez-nous&#8221; _builder_version=&#8221;4.27.4&#8243; _module_preset=&#8221;c33f07d9-41e0-421a-8799-5799df695cce&#8221; title_level=&#8221;h1&#8243; title_text_color=&#8221;#FFFFFF&#8221; locked=&#8221;off&#8221; global_colors_info=&#8221;{}&#8221;][\/et_pb_heading][et_pb_blurb title=&#8221;Discutons de vos projets inclusifs !&#8221; icon_placement=&#8221;left&#8221; module_class=&#8221;ai_ignore_all&#8221; _builder_version=&#8221;4.27.4&#8243; _module_preset=&#8221;1d431978-603a-4044-b96b-3cc1d9396512&#8243; locked=&#8221;off&#8221; global_colors_info=&#8221;{}&#8221; image_icon_background_color__hover_enabled=&#8221;off|desktop&#8221;]<\/p>\n<p>&nbsp;<\/p>\n<p><strong>+33.(0)6.10.79.03.60<\/strong><\/p>\n<p><strong><a href=\"mailto:laurie.courant@guia-inclusion.com\">laurie.courant@guia-inclusion.com<\/a><\/strong><\/p>\n<p>&nbsp;<\/p>\n<p>[\/et_pb_blurb][\/et_pb_column][et_pb_column type=&#8221;1_2&#8243; _builder_version=&#8221;4.24.3&#8243; _module_preset=&#8221;50607da8-57bc-4d4b-aaef-f02e41c2cc4a&#8221; global_colors_info=&#8221;{}&#8221;][et_pb_contact_form email=&#8221;laurie.courant@guia-inclusion.com&#8221; custom_message=&#8221;Soci\u00e9t\u00e9||et_pb_line_break_holder||Adresse&#8221; success_message=&#8221;Votre message a \u00e9t\u00e9 envoy\u00e9 correctement&#8221; submit_button_text=&#8221;Envoyer&#8221; _builder_version=&#8221;4.27.5&#8243; _module_preset=&#8221;347de7c5-8eec-4fb2-89ad-e07c220a4ead&#8221; captcha_text_color=&#8221;#E02B20&#8243; captcha_font_size=&#8221;26px&#8221; link_option_url=&#8221;mailto:laurie.courant@guia-inclusion.com&#8221; locked=&#8221;off&#8221; global_colors_info=&#8221;{}&#8221;][et_pb_contact_field field_id=&#8221;Name&#8221; field_title=&#8221;Nom&#8221; fullwidth_field=&#8221;on&#8221; _builder_version=&#8221;4.27.4&#8243; _module_preset=&#8221;default&#8221; global_colors_info=&#8221;{}&#8221; button_text_size__hover_enabled=&#8221;off&#8221; button_one_text_size__hover_enabled=&#8221;off&#8221; button_two_text_size__hover_enabled=&#8221;off&#8221; button_text_color__hover_enabled=&#8221;off&#8221; button_one_text_color__hover_enabled=&#8221;off&#8221; button_two_text_color__hover_enabled=&#8221;off&#8221; button_border_width__hover_enabled=&#8221;off&#8221; button_one_border_width__hover_enabled=&#8221;off&#8221; button_two_border_width__hover_enabled=&#8221;off&#8221; button_border_color__hover_enabled=&#8221;off&#8221; button_one_border_color__hover_enabled=&#8221;off&#8221; button_two_border_color__hover_enabled=&#8221;off&#8221; button_border_radius__hover_enabled=&#8221;off&#8221; button_one_border_radius__hover_enabled=&#8221;off&#8221; button_two_border_radius__hover_enabled=&#8221;off&#8221; button_letter_spacing__hover_enabled=&#8221;off&#8221; button_one_letter_spacing__hover_enabled=&#8221;off&#8221; button_two_letter_spacing__hover_enabled=&#8221;off&#8221; button_bg_color__hover_enabled=&#8221;off&#8221; button_one_bg_color__hover_enabled=&#8221;off&#8221; button_two_bg_color__hover_enabled=&#8221;off&#8221;][\/et_pb_contact_field][et_pb_contact_field field_id=&#8221;Email&#8221; field_title=&#8221;Email&#8221; field_type=&#8221;email&#8221; fullwidth_field=&#8221;on&#8221; _builder_version=&#8221;4.27.4&#8243; _module_preset=&#8221;default&#8221; global_colors_info=&#8221;{}&#8221; button_text_size__hover_enabled=&#8221;off&#8221; button_one_text_size__hover_enabled=&#8221;off&#8221; button_two_text_size__hover_enabled=&#8221;off&#8221; button_text_color__hover_enabled=&#8221;off&#8221; button_one_text_color__hover_enabled=&#8221;off&#8221; button_two_text_color__hover_enabled=&#8221;off&#8221; button_border_width__hover_enabled=&#8221;off&#8221; button_one_border_width__hover_enabled=&#8221;off&#8221; button_two_border_width__hover_enabled=&#8221;off&#8221; button_border_color__hover_enabled=&#8221;off&#8221; button_one_border_color__hover_enabled=&#8221;off&#8221; button_two_border_color__hover_enabled=&#8221;off&#8221; button_border_radius__hover_enabled=&#8221;off&#8221; button_one_border_radius__hover_enabled=&#8221;off&#8221; button_two_border_radius__hover_enabled=&#8221;off&#8221; button_letter_spacing__hover_enabled=&#8221;off&#8221; button_one_letter_spacing__hover_enabled=&#8221;off&#8221; button_two_letter_spacing__hover_enabled=&#8221;off&#8221; button_bg_color__hover_enabled=&#8221;off&#8221; button_one_bg_color__hover_enabled=&#8221;off&#8221; button_two_bg_color__hover_enabled=&#8221;off&#8221;][\/et_pb_contact_field][et_pb_contact_field field_id=&#8221;Message&#8221; field_title=&#8221;Message&#8221; field_type=&#8221;text&#8221; fullwidth_field=&#8221;on&#8221; _builder_version=&#8221;4.16&#8243; _module_preset=&#8221;default&#8221; custom_margin=&#8221;||20px||false|false&#8221; global_colors_info=&#8221;{}&#8221; button_text_size__hover_enabled=&#8221;off&#8221; button_one_text_size__hover_enabled=&#8221;off&#8221; button_two_text_size__hover_enabled=&#8221;off&#8221; button_text_color__hover_enabled=&#8221;off&#8221; button_one_text_color__hover_enabled=&#8221;off&#8221; button_two_text_color__hover_enabled=&#8221;off&#8221; button_border_width__hover_enabled=&#8221;off&#8221; button_one_border_width__hover_enabled=&#8221;off&#8221; button_two_border_width__hover_enabled=&#8221;off&#8221; button_border_color__hover_enabled=&#8221;off&#8221; button_one_border_color__hover_enabled=&#8221;off&#8221; button_two_border_color__hover_enabled=&#8221;off&#8221; button_border_radius__hover_enabled=&#8221;off&#8221; button_one_border_radius__hover_enabled=&#8221;off&#8221; button_two_border_radius__hover_enabled=&#8221;off&#8221; button_letter_spacing__hover_enabled=&#8221;off&#8221; button_one_letter_spacing__hover_enabled=&#8221;off&#8221; button_two_letter_spacing__hover_enabled=&#8221;off&#8221; button_bg_color__hover_enabled=&#8221;off&#8221; button_one_bg_color__hover_enabled=&#8221;off&#8221; button_two_bg_color__hover_enabled=&#8221;off&#8221;][\/et_pb_contact_field][\/et_pb_contact_form][\/et_pb_column][\/et_pb_row][\/et_pb_section]<\/p>\n","protected":false},"excerpt":{"rendered":"<p>L&#8217;inclusion comme solution !R\u00e9v\u00e9lez des potentiels insoup\u00e7onn\u00e9s au service de votre croissance.\u00a0 \u00a0 &nbsp;GUIA est un cabinet conseil fond\u00e9 en 2025, d\u00e9di\u00e9 \u00e0 l&#8217;inclusion des personnes \u00e9loign\u00e9es de l&#8217;emploi. Bas\u00e9s \u00e0 Toulouse, nous intervenons dans toute la r\u00e9gion Occitanie et Nouvelle-Aquitaine. Notre engagement est d&#8217;accompagner les entreprises de toutes tailles dans l&#8217;int\u00e9gration durable de ces [&hellip;]<\/p>\n","protected":false},"author":1,"featured_media":0,"parent":0,"menu_order":0,"comment_status":"closed","ping_status":"closed","template":"","meta":{"_et_pb_use_builder":"on","_et_pb_old_content":"","_et_gb_content_width":"","footnotes":""},"class_list":["post-112","page","type-page","status-publish","hentry"],"_links":{"self":[{"href":"https:\/\/www.guia-inclusion.com\/index.php\/wp-json\/wp\/v2\/pages\/112","targetHints":{"allow":["GET"]}}],"collection":[{"href":"https:\/\/www.guia-inclusion.com\/index.php\/wp-json\/wp\/v2\/pages"}],"about":[{"href":"https:\/\/www.guia-inclusion.com\/index.php\/wp-json\/wp\/v2\/types\/page"}],"author":[{"embeddable":true,"href":"https:\/\/www.guia-inclusion.com\/index.php\/wp-json\/wp\/v2\/users\/1"}],"replies":[{"embeddable":true,"href":"https:\/\/www.guia-inclusion.com\/index.php\/wp-json\/wp\/v2\/comments?post=112"}],"version-history":[{"count":62,"href":"https:\/\/www.guia-inclusion.com\/index.php\/wp-json\/wp\/v2\/pages\/112\/revisions"}],"predecessor-version":[{"id":442,"href":"https:\/\/www.guia-inclusion.com\/index.php\/wp-json\/wp\/v2\/pages\/112\/revisions\/442"}],"wp:attachment":[{"href":"https:\/\/www.guia-inclusion.com\/index.php\/wp-json\/wp\/v2\/media?parent=112"}],"curies":[{"name":"wp","href":"https:\/\/api.w.org\/{rel}","templated":true}]}}