{"id":16,"date":"2025-10-10T15:48:43","date_gmt":"2025-10-10T13:48:43","guid":{"rendered":"https:\/\/www.guia-inclusion.com\/?page_id=16"},"modified":"2025-10-10T17:09:47","modified_gmt":"2025-10-10T15:09:47","slug":"contact","status":"publish","type":"page","link":"https:\/\/www.guia-inclusion.com\/index.php\/contact\/","title":{"rendered":"Contact"},"content":{"rendered":"<p>[et_pb_section fb_built=&#8221;1&#8243; admin_label=&#8221;Hero&#8221; _builder_version=&#8221;4.24.3&#8243; _module_preset=&#8221;_module_preset=&#8221; background_image=&#8221;data:image\/svg+xml;base64,PHN2ZyB3aWR0aD0iMTA4MCIgaGVpZ2h0PSI1NDAiIHZpZXdCb3g9IjAgMCAxMDgwIDU0MCIgeG1sbnM9Imh0dHA6Ly93d3cudzMub3JnLzIwMDAvc3ZnIj4KICAgIDxnIGZpbGw9Im5vbmUiIGZpbGwtcnVsZT0iZXZlbm9kZCI+CiAgICAgICAgPHBhdGggZmlsbD0iI0VCRUJFQiIgZD0iTTAgMGgxMDgwdjU0MEgweiIvPgogICAgICAgIDxwYXRoIGQ9Ik00NDUuNjQ5IDU0MGgtOTguOTk1TDE0NC42NDkgMzM3Ljk5NSAwIDQ4Mi42NDR2LTk4Ljk5NWwxMTYuMzY1LTExNi4zNjVjMTUuNjItMTUuNjIgNDAuOTQ3LTE1LjYyIDU2LjU2OCAwTDQ0NS42NSA1NDB6IiBmaWxsLW9wYWNpdHk9Ii4xIiBmaWxsPSIjMDAwIiBmaWxsLXJ1bGU9Im5vbnplcm8iLz4KICAgICAgICA8Y2lyY2xlIGZpbGwtb3BhY2l0eT0iLjA1IiBmaWxsPSIjMDAwIiBjeD0iMzMxIiBjeT0iMTQ4IiByPSI3MCIvPgogICAgICAgIDxwYXRoIGQ9Ik0xMDgwIDM3OXYxMTMuMTM3TDcyOC4xNjIgMTQwLjMgMzI4LjQ2MiA1NDBIMjE1LjMyNEw2OTkuODc4IDU1LjQ0NmMxNS42Mi0xNS42MiA0MC45NDgtMTUuNjIgNTYuNTY4IDBMMTA4MCAzNzl6IiBmaWxsLW9wYWNpdHk9Ii4yIiBmaWxsPSIjMDAwIiBmaWxsLXJ1bGU9Im5vbnplcm8iLz4KICAgIDwvZz4KPC9zdmc+Cg==&#8221; custom_padding=&#8221;8%||0px||false|false&#8221; locked=&#8221;off&#8221; collapsed=&#8221;on&#8221; global_colors_info=&#8221;{}&#8221;][et_pb_row _builder_version=&#8221;4.18.0&#8243; _module_preset=&#8221;5138c454-be54-4233-bd3b-f8e6a8747976&#8243; locked=&#8221;off&#8221; global_colors_info=&#8221;{}&#8221;][et_pb_column type=&#8221;4_4&#8243; _builder_version=&#8221;4.16&#8243; _module_preset=&#8221;73121f80-a3ef-4484-8763-c3f18e3c56d2&#8243; global_colors_info=&#8221;{}&#8221;][et_pb_heading title=&#8221;Contactez-nous pour des solutions inclusives&#8221; _builder_version=&#8221;4.24.2&#8243; _module_preset=&#8221;f0c675ea-2574-4d0e-b725-30f8550a8550&#8243; title_text_color=&#8221;gcid-primary-color&#8221; locked=&#8221;off&#8221; global_colors_info=&#8221;{%22gcid-primary-color%22:%91%22title_text_color%22%93}&#8221;][\/et_pb_heading][et_pb_heading title=&#8221;GUIA : L&#8217;inclusion comme solution !&#8221; _builder_version=&#8221;4.24.2&#8243; _module_preset=&#8221;ddeb8c09-9078-4424-bc15-2efb6572e28e&#8221; title_text_color=&#8221;#00517a&#8221; hover_enabled=&#8221;0&#8243; locked=&#8221;off&#8221; global_colors_info=&#8221;{}&#8221; sticky_enabled=&#8221;0&#8243;][\/et_pb_heading][et_pb_text _builder_version=&#8221;4.27.4&#8243; _module_preset=&#8221;0504de1e-f5ff-4281-ba60-cbbe4edf98bc&#8221; locked=&#8221;off&#8221; global_colors_info=&#8221;{}&#8221; text_text_color=&#8221;#00517a&#8221;]<\/p>\n<p>D\u00e9couvrez comment nous transformons les d\u00e9fis de recrutement en opportunit\u00e9s d&#8217;inclusion durable et de performance sociale.<\/p>\n<p>[\/et_pb_text][et_pb_button button_text=&#8221;En savoir plus&#8221; _builder_version=&#8221;4.24.3&#8243; _module_preset=&#8221;ab15fb74-61a3-43aa-96b3-41e09aeef654&#8243; locked=&#8221;off&#8221; global_colors_info=&#8221;{}&#8221;][\/et_pb_button][\/et_pb_column][\/et_pb_row][et_pb_row column_structure=&#8221;1_4,1_4,1_4,1_4&#8243; make_equal=&#8221;on&#8221; _builder_version=&#8221;4.24.3&#8243; _module_preset=&#8221;5138c454-be54-4233-bd3b-f8e6a8747976&#8243; background_color=&#8221;#FFFFFF&#8221; custom_margin=&#8221;8%||||false|false&#8221; custom_padding=&#8221;0px||0px||true|false&#8221; border_radii=&#8221;off||6px||&#8221; border_radii_tablet=&#8221;off||6px||&#8221; border_radii_phone=&#8221;off||6px||&#8221; border_radii_last_edited=&#8221;on|desktop&#8221; box_shadow_style=&#8221;preset4&#8243; box_shadow_horizontal=&#8221;-31vw&#8221; box_shadow_vertical=&#8221;0px&#8221; box_shadow_color=&#8221;#FFFFFF&#8221; global_colors_info=&#8221;{}&#8221;][et_pb_column type=&#8221;1_4&#8243; _builder_version=&#8221;4.16&#8243; _module_preset=&#8221;73121f80-a3ef-4484-8763-c3f18e3c56d2&#8243; custom_padding=&#8221;30px||||false|false&#8221; custom_padding_tablet=&#8221;40px|20px|40px||true|false&#8221; custom_padding_phone=&#8221;30px||30px||true|true&#8221; custom_padding_last_edited=&#8221;off|desktop&#8221; global_colors_info=&#8221;{}&#8221;][et_pb_blurb title=&#8221;Recrutement Inclusif&#8221; use_icon=&#8221;on&#8221; font_icon=&#8221;&#xf509;||fa||900&#8243; _builder_version=&#8221;4.24.3&#8243; _module_preset=&#8221;1ea53d41-9439-472c-8d8b-7bddb3bf9444&#8243; global_colors_info=&#8221;{}&#8221;]<\/p>\n<p>Nous analysons vos besoins et trouvons les talents qui feront la diff\u00e9rence.<\/p>\n<p>[\/et_pb_blurb][\/et_pb_column][et_pb_column type=&#8221;1_4&#8243; _builder_version=&#8221;4.16&#8243; _module_preset=&#8221;73121f80-a3ef-4484-8763-c3f18e3c56d2&#8243; custom_padding=&#8221;30px||||false|false&#8221; global_colors_info=&#8221;{}&#8221;][et_pb_blurb title=&#8221;Accompagnement Personnalis\u00e9&#8221; use_icon=&#8221;on&#8221; font_icon=&#8221;&#xf0a9;||fa||900&#8243; _builder_version=&#8221;4.24.3&#8243; _module_preset=&#8221;1ea53d41-9439-472c-8d8b-7bddb3bf9444&#8243; locked=&#8221;off&#8221; global_colors_info=&#8221;{}&#8221;]<\/p>\n<p>Un suivi sur mesure pour garantir l&#8217;int\u00e9gration r\u00e9ussie de chaque salari\u00e9.<\/p>\n<p>[\/et_pb_blurb][\/et_pb_column][et_pb_column type=&#8221;1_4&#8243; _builder_version=&#8221;4.16&#8243; _module_preset=&#8221;73121f80-a3ef-4484-8763-c3f18e3c56d2&#8243; custom_padding=&#8221;30px||||false|false&#8221; global_colors_info=&#8221;{}&#8221;][et_pb_blurb title=&#8221;Formation sur Mesure&#8221; use_icon=&#8221;on&#8221; font_icon=&#8221;&#xf0a9;||fa||900&#8243; _builder_version=&#8221;4.24.3&#8243; _module_preset=&#8221;1ea53d41-9439-472c-8d8b-7bddb3bf9444&#8243; locked=&#8221;off&#8221; global_colors_info=&#8221;{}&#8221;]<\/p>\n<p>Des formations adapt\u00e9es pour sensibiliser et renforcer vos \u00e9quipes.<\/p>\n<p>[\/et_pb_blurb][\/et_pb_column][et_pb_column type=&#8221;1_4&#8243; _builder_version=&#8221;4.24.3&#8243; _module_preset=&#8221;73121f80-a3ef-4484-8763-c3f18e3c56d2&#8243; background_color=&#8221;gcid-secondary-color&#8221; transform_translate=&#8221;1px|0px&#8221; transform_translate_linked=&#8221;off&#8221; custom_padding=&#8221;50px|20px|50px|20px|true|true&#8221; custom_padding_tablet=&#8221;||||true|false&#8221; custom_padding_phone=&#8221;30px||30px||true|true&#8221; custom_padding_last_edited=&#8221;on|phone&#8221; global_colors_info=&#8221;{%22gcid-secondary-color%22:%91%22background_color%22%93}&#8221;][et_pb_button button_text=&#8221;Contactez-nous&#8221; button_alignment=&#8221;center&#8221; _builder_version=&#8221;4.24.3&#8243; _module_preset=&#8221;ab15fb74-61a3-43aa-96b3-41e09aeef654&#8243; button_text_color=&#8221;gcid-secondary-color&#8221; global_colors_info=&#8221;{%22gcid-secondary-color%22:%91%22button_text_color%22%93}&#8221;][\/et_pb_button][\/et_pb_column][\/et_pb_row][\/et_pb_section][et_pb_section fb_built=&#8221;1&#8243; admin_label=&#8221;Contact Info&#8221; _builder_version=&#8221;4.25.1&#8243; _module_preset=&#8221;default&#8221; collapsed=&#8221;on&#8221; global_colors_info=&#8221;{}&#8221;][et_pb_row column_structure=&#8221;1_3,1_3,1_3&#8243; make_equal=&#8221;on&#8221; _builder_version=&#8221;4.25.1&#8243; _module_preset=&#8221;default&#8221; global_colors_info=&#8221;{}&#8221;][et_pb_column type=&#8221;1_3&#8243; _builder_version=&#8221;4.25.1&#8243; _module_preset=&#8221;default&#8221; global_colors_info=&#8221;{}&#8221;][et_pb_heading title=&#8221;06 10 79 03 60&#8243; _builder_version=&#8221;4.25.1&#8243; _module_preset=&#8221;a3805066-8711-43c7-9f62-5782da0e9f7a&#8221; title_text_align=&#8221;center&#8221; global_colors_info=&#8221;{}&#8221;][\/et_pb_heading][et_pb_text _builder_version=&#8221;4.25.1&#8243; _module_preset=&#8221;4b240c10-bcce-4a83-9661-66d610a878e0&#8243; text_orientation=&#8221;center&#8221; global_colors_info=&#8221;{}&#8221;]T\u00e9l\u00e9phone[\/et_pb_text][\/et_pb_column][et_pb_column type=&#8221;1_3&#8243; _builder_version=&#8221;4.25.1&#8243; _module_preset=&#8221;default&#8221; global_colors_info=&#8221;{}&#8221;][et_pb_heading title=&#8221;laurie.courant@guia-inclusion.com&#8221; _builder_version=&#8221;4.25.1&#8243; _module_preset=&#8221;a3805066-8711-43c7-9f62-5782da0e9f7a&#8221; title_text_align=&#8221;center&#8221; title_text_color=&#8221;gcid-primary-color&#8221; global_colors_info=&#8221;{%22gcid-primary-color%22:%91%22title_text_color%22%93}&#8221;][\/et_pb_heading][et_pb_text _builder_version=&#8221;4.25.1&#8243; _module_preset=&#8221;4b240c10-bcce-4a83-9661-66d610a878e0&#8243; text_orientation=&#8221;center&#8221; global_colors_info=&#8221;{}&#8221;]Email[\/et_pb_text][\/et_pb_column][et_pb_column type=&#8221;1_3&#8243; _builder_version=&#8221;4.25.1&#8243; _module_preset=&#8221;default&#8221; global_colors_info=&#8221;{}&#8221;][et_pb_heading title=&#8221;Toulouse&#8221; _builder_version=&#8221;4.25.1&#8243; _module_preset=&#8221;a3805066-8711-43c7-9f62-5782da0e9f7a&#8221; title_text_align=&#8221;center&#8221; global_colors_info=&#8221;{}&#8221;][\/et_pb_heading][et_pb_text _builder_version=&#8221;4.25.1&#8243; _module_preset=&#8221;4b240c10-bcce-4a83-9661-66d610a878e0&#8243; text_orientation=&#8221;center&#8221; global_colors_info=&#8221;{}&#8221;]Adresse[\/et_pb_text][\/et_pb_column][\/et_pb_row][\/et_pb_section][et_pb_section fb_built=&#8221;1&#8243; admin_label=&#8221;Frequently Asked Questions&#8221; _builder_version=&#8221;4.23.1&#8243; _module_preset=&#8221;default&#8221; locked=&#8221;off&#8221; collapsed=&#8221;on&#8221; global_colors_info=&#8221;{}&#8221;][et_pb_row _builder_version=&#8221;4.17.6&#8243; _module_preset=&#8221;5138c454-be54-4233-bd3b-f8e6a8747976&#8243; global_colors_info=&#8221;{}&#8221;][et_pb_column type=&#8221;4_4&#8243; _builder_version=&#8221;4.16&#8243; _module_preset=&#8221;73121f80-a3ef-4484-8763-c3f18e3c56d2&#8243; global_colors_info=&#8221;{}&#8221;][et_pb_heading title=&#8221;Questions Fr\u00e9quentes sur l&#8217;Inclusion&#8221; _builder_version=&#8221;4.24.2&#8243; _module_preset=&#8221;c33f07d9-41e0-421a-8799-5799df695cce&#8221; locked=&#8221;off&#8221; global_colors_info=&#8221;{}&#8221;][\/et_pb_heading][et_pb_text _builder_version=&#8221;4.24.3&#8243; _module_preset=&#8221;2c55a9c4-feed-423b-9edb-ae0b5b365cac&#8221; locked=&#8221;off&#8221; global_colors_info=&#8221;{}&#8221;]<\/p>\n<p>Nous sommes l\u00e0 pour r\u00e9pondre \u00e0 vos questions et discuter de vos projets inclusifs.<\/p>\n<p>[\/et_pb_text][\/et_pb_column][\/et_pb_row][et_pb_row column_structure=&#8221;2_3,1_3&#8243; _builder_version=&#8221;4.23.1&#8243; _module_preset=&#8221;5138c454-be54-4233-bd3b-f8e6a8747976&#8243; global_colors_info=&#8221;{}&#8221;][et_pb_column type=&#8221;2_3&#8243; _builder_version=&#8221;4.16&#8243; _module_preset=&#8221;73121f80-a3ef-4484-8763-c3f18e3c56d2&#8243; global_colors_info=&#8221;{}&#8221;][et_pb_accordion open_toggle_text_color=&#8221;gcid-secondary-color&#8221; icon_color=&#8221;gcid-secondary-color&#8221; _builder_version=&#8221;4.24.2&#8243; _module_preset=&#8221;73efbc9d-37bf-4f75-b3d8-498640ef079f&#8221; locked=&#8221;off&#8221; global_colors_info=&#8221;{%22gcid-36fd78a7-34bc-404d-873c-dafa34efaae5%22:%91%22quote_icon_color%22,%22quote_icon_color%22,%22quote_icon_color%22%93,%22gcid-primary-color%22:%91%22icon_color%22%93,%22gcid-heading-color%22:%91%22toggle_text_color%22,%22toggle_text_color%22%93,%22gcid-body-color%22:%91%22body_text_color%22,%22body_text_color%22%93,%22gcid-3e0ae39b-d026-4173-b444-0c785917aeff%22:%91%22body_text_color%22%93,%22gcid-828accbb-1ed2-407d-95be-20ab4e191566%22:%91%22border_color_all%22%93,%22gcid-secondary-color%22:%91%22icon_color%22,%22open_toggle_text_color%22%93}&#8221;][et_pb_accordion_item title=&#8221;Comment GUIA peut-elle aider mon entreprise \u00e0 \u00eatre plus inclusive ?&#8221; open=&#8221;on&#8221; _builder_version=&#8221;4.21.0&#8243; _module_preset=&#8221;550abe5c-b505-4d6b-adc7-570bd7cc1217&#8243; global_colors_info=&#8221;{}&#8221;]<\/p>\n<p>Nous proposons des solutions sur mesure pour recruter, int\u00e9grer et former vos \u00e9quipes tout en respectant vos besoins sp\u00e9cifiques.<\/p>\n<p>[\/et_pb_accordion_item][et_pb_accordion_item title=&#8221;Quels sont les avantages \u00e9conomiques de l&#8217;inclusion ?&#8221; _builder_version=&#8221;4.21.0&#8243; _module_preset=&#8221;550abe5c-b505-4d6b-adc7-570bd7cc1217&#8243; global_colors_info=&#8221;{}&#8221; open=&#8221;off&#8221;]<\/p>\n<p>En int\u00e9grant nos solutions, vous pouvez r\u00e9duire votre contribution \u00e0 l&#8217;AGEFIPH ou au FIPHFP et am\u00e9liorer votre performance sociale.<\/p>\n<p>[\/et_pb_accordion_item][et_pb_accordion_item title=&#8221;Comment se d\u00e9roule l&#8217;accompagnement socio-professionnel ?&#8221; _builder_version=&#8221;4.21.0&#8243; _module_preset=&#8221;550abe5c-b505-4d6b-adc7-570bd7cc1217&#8243; global_colors_info=&#8221;{}&#8221; open=&#8221;off&#8221;]<\/p>\n<p>Nous offrons un suivi individuel pour assurer la r\u00e9ussite du salari\u00e9 et la coh\u00e9sion de l&#8217;\u00e9quipe, avec un soutien administratif et financier.<\/p>\n<p>[\/et_pb_accordion_item][et_pb_accordion_item title=&#8221;Proposez-vous des formations en e-learning ?&#8221; _builder_version=&#8221;4.21.0&#8243; _module_preset=&#8221;550abe5c-b505-4d6b-adc7-570bd7cc1217&#8243; global_colors_info=&#8221;{}&#8221; open=&#8221;off&#8221;]<\/p>\n<p>Oui, nous concevons des formations accessibles en ligne pour sensibiliser et renforcer les comp\u00e9tences de vos \u00e9quipes.<\/p>\n<p>[\/et_pb_accordion_item][et_pb_accordion_item title=&#8221;Comment puis-je commencer un projet inclusif avec GUIA ?&#8221; _builder_version=&#8221;4.21.0&#8243; _module_preset=&#8221;550abe5c-b505-4d6b-adc7-570bd7cc1217&#8243; global_colors_info=&#8221;{}&#8221; open=&#8221;off&#8221;]<\/p>\n<p>Contactez-nous pour discuter de vos besoins et d\u00e9couvrir comment nous pouvons vous accompagner dans votre d\u00e9marche inclusive.<\/p>\n<p>[\/et_pb_accordion_item][\/et_pb_accordion][\/et_pb_column][et_pb_column type=&#8221;1_3&#8243; _builder_version=&#8221;4.16&#8243; _module_preset=&#8221;73121f80-a3ef-4484-8763-c3f18e3c56d2&#8243; global_colors_info=&#8221;{}&#8221;][et_pb_heading title=&#8221;Pr\u00eat \u00e0 transformer vos pratiques RH ?&#8221; _builder_version=&#8221;4.24.3&#8243; _module_preset=&#8221;ba4a6336-701f-47b8-bf5c-09da0ce28016&#8243; locked=&#8221;off&#8221; global_colors_info=&#8221;{}&#8221;][\/et_pb_heading][et_pb_button button_text=&#8221;Contactez GUIA&#8221; _builder_version=&#8221;4.24.3&#8243; _module_preset=&#8221;1bffc0fc-42a0-49d1-bd9a-ae3ade2d7206&#8243; button_bg_color=&#8221;gcid-secondary-color&#8221; locked=&#8221;off&#8221; global_colors_info=&#8221;{%22gcid-secondary-color%22:%91%22button_bg_color%22%93}&#8221;][\/et_pb_button][\/et_pb_column][\/et_pb_row][\/et_pb_section][et_pb_section fb_built=&#8221;1&#8243; admin_label=&#8221;Call to Action&#8221; _builder_version=&#8221;4.24.2&#8243; _module_preset=&#8221;default&#8221; use_background_color_gradient=&#8221;on&#8221; background_color_gradient_direction=&#8221;90deg&#8221; background_color_gradient_stops=&#8221;gcid-primary-color 65%|rgba(255,255,255,0) 65%&#8221; background_color_gradient_start=&#8221;gcid-36fd78a7-34bc-404d-873c-dafa34efaae5&#8243; background_color_gradient_start_position=&#8221;65%&#8221; background_color_gradient_end=&#8221;rgba(255,255,255,0)&#8221; background_color_gradient_end_position=&#8221;65%&#8221; background_last_edited=&#8221;on|desktop&#8221; background_color_gradient_direction_tablet=&#8221;180deg&#8221; locked=&#8221;off&#8221; collapsed=&#8221;on&#8221; global_colors_info=&#8221;{%22gcid-36fd78a7-34bc-404d-873c-dafa34efaae5%22:%91%22colorStart%22%93,%22gcid-primary-color%22:%91%22background_color_gradient_stops%22%93}&#8221;][et_pb_row column_structure=&#8221;3_5,2_5&#8243; _builder_version=&#8221;4.18.0&#8243; _module_preset=&#8221;5138c454-be54-4233-bd3b-f8e6a8747976&#8243; global_colors_info=&#8221;{}&#8221;][et_pb_column type=&#8221;3_5&#8243; _builder_version=&#8221;4.16&#8243; _module_preset=&#8221;73121f80-a3ef-4484-8763-c3f18e3c56d2&#8243; global_colors_info=&#8221;{}&#8221;][et_pb_heading title=&#8221;Prenez Contact pour Vos Projets Inclusifs&#8221; _builder_version=&#8221;4.24.2&#8243; _module_preset=&#8221;c33f07d9-41e0-421a-8799-5799df695cce&#8221; title_text_color=&#8221;#FFFFFF&#8221; locked=&#8221;off&#8221; global_colors_info=&#8221;{}&#8221;][\/et_pb_heading][et_pb_text _builder_version=&#8221;4.24.2&#8243; _module_preset=&#8221;0504de1e-f5ff-4281-ba60-cbbe4edf98bc&#8221; locked=&#8221;off&#8221; global_colors_info=&#8221;{}&#8221;]<\/p>\n<p>Vous avez un projet inclusif en t\u00eate ? Chez GUIA, nous sommes pr\u00eats \u00e0 vous accompagner dans sa r\u00e9alisation. Contactez Laurie COURANT pour discuter de vos besoins sp\u00e9cifiques et d\u00e9couvrir comment nous pouvons transformer vos d\u00e9fis en opportunit\u00e9s d&#8217;inclusion durable.<\/p>\n<p>[\/et_pb_text][et_pb_button button_text=&#8221;Contactez-nous d\u00e8s maintenant&#8221; _builder_version=&#8221;4.23.1&#8243; _module_preset=&#8221;ab15fb74-61a3-43aa-96b3-41e09aeef654&#8243; locked=&#8221;off&#8221; global_colors_info=&#8221;{}&#8221;][\/et_pb_button][\/et_pb_column][et_pb_column type=&#8221;2_5&#8243; _builder_version=&#8221;4.16&#8243; _module_preset=&#8221;73121f80-a3ef-4484-8763-c3f18e3c56d2&#8243; global_colors_info=&#8221;{}&#8221;][et_pb_image src=&#8221;http:\/\/www.guia-inclusion.com\/wp-content\/uploads\/2025\/10\/0-70637fcc-ad05-4c2e-bced-38b1ad361e09-800&#215;600.jpg&#8221; title_text=&#8221;800&#215;600&#8243; _builder_version=&#8221;4.24.3&#8243; _module_preset=&#8221;6ed8fd5c-62c5-4100-98c3-7b8b6d2c2ee6&#8243; global_colors_info=&#8221;{}&#8221;][\/et_pb_image][\/et_pb_column][\/et_pb_row][\/et_pb_section]<\/p>\n","protected":false},"excerpt":{"rendered":"<p>D\u00e9couvrez comment nous transformons les d\u00e9fis de recrutement en opportunit\u00e9s d&#8217;inclusion durable et de performance sociale.Nous analysons vos besoins et trouvons les talents qui feront la diff\u00e9rence.Un suivi sur mesure pour garantir l&#8217;int\u00e9gration r\u00e9ussie de chaque salari\u00e9.Des formations adapt\u00e9es pour sensibiliser et renforcer vos \u00e9quipes.T\u00e9l\u00e9phoneEmailAdresseNous sommes l\u00e0 pour r\u00e9pondre \u00e0 vos questions et discuter de [&hellip;]<\/p>\n","protected":false},"author":1,"featured_media":0,"parent":0,"menu_order":0,"comment_status":"closed","ping_status":"closed","template":"","meta":{"_et_pb_use_builder":"on","_et_pb_old_content":"","_et_gb_content_width":"","footnotes":""},"class_list":["post-16","page","type-page","status-publish","hentry"],"_links":{"self":[{"href":"https:\/\/www.guia-inclusion.com\/index.php\/wp-json\/wp\/v2\/pages\/16","targetHints":{"allow":["GET"]}}],"collection":[{"href":"https:\/\/www.guia-inclusion.com\/index.php\/wp-json\/wp\/v2\/pages"}],"about":[{"href":"https:\/\/www.guia-inclusion.com\/index.php\/wp-json\/wp\/v2\/types\/page"}],"author":[{"embeddable":true,"href":"https:\/\/www.guia-inclusion.com\/index.php\/wp-json\/wp\/v2\/users\/1"}],"replies":[{"embeddable":true,"href":"https:\/\/www.guia-inclusion.com\/index.php\/wp-json\/wp\/v2\/comments?post=16"}],"version-history":[{"count":4,"href":"https:\/\/www.guia-inclusion.com\/index.php\/wp-json\/wp\/v2\/pages\/16\/revisions"}],"predecessor-version":[{"id":105,"href":"https:\/\/www.guia-inclusion.com\/index.php\/wp-json\/wp\/v2\/pages\/16\/revisions\/105"}],"wp:attachment":[{"href":"https:\/\/www.guia-inclusion.com\/index.php\/wp-json\/wp\/v2\/media?parent=16"}],"curies":[{"name":"wp","href":"https:\/\/api.w.org\/{rel}","templated":true}]}}